{"id":2493,"date":"2023-10-18T08:23:26","date_gmt":"2023-10-18T06:23:26","guid":{"rendered":"https:\/\/mallorca-pakete.de\/quienes-somos\/"},"modified":"2023-10-25T11:31:44","modified_gmt":"2023-10-25T09:31:44","slug":"quienes-somos","status":"publish","type":"page","link":"https:\/\/mallorca-pakete.de\/es\/quienes-somos\/","title":{"rendered":"Qui\u00e9nes Somos"},"content":{"rendered":"\t\t<div data-elementor-type=\"wp-page\" data-elementor-id=\"2493\" class=\"elementor elementor-2493 elementor-423\" data-elementor-post-type=\"page\">\n\t\t\t\t\t\t\t<div class=\"elementor-element elementor-element-4f2e980 e-con-full e-flex e-con e-parent\" data-id=\"4f2e980\" data-element_type=\"container\" data-settings=\"{&quot;content_width&quot;:&quot;full&quot;}\" data-core-v316-plus=\"true\">\n\t\t\t\t<div class=\"elementor-element elementor-element-2c36ea7 elementor-widget elementor-widget-template\" data-id=\"2c36ea7\" data-element_type=\"widget\" data-widget_type=\"template.default\">\n\t\t\t\t<div class=\"elementor-widget-container\">\n\t\t\t\t\t<div class=\"elementor-template\">\n\t\t\t\t\t<div data-elementor-type=\"container\" data-elementor-id=\"1664\" class=\"elementor elementor-1664\" data-elementor-post-type=\"elementor_library\">\n\t\t\t\t\t\t\t<div class=\"elementor-element elementor-element-54942b37 e-con-full e-flex e-con e-parent\" data-id=\"54942b37\" data-element_type=\"container\" data-settings=\"{&quot;content_width&quot;:&quot;full&quot;,&quot;background_background&quot;:&quot;classic&quot;}\" data-core-v316-plus=\"true\">\n\t\t<div class=\"elementor-element elementor-element-26f1b37c e-flex e-con-boxed e-con e-child\" data-id=\"26f1b37c\" data-element_type=\"container\" data-settings=\"{&quot;content_width&quot;:&quot;boxed&quot;}\">\n\t\t\t\t\t<div class=\"e-con-inner\">\n\t\t\t\t\t<\/div>\n\t\t\t\t<\/div>\n\t\t\t\t<\/div>\n\t\t\t\t\t\t\t<\/div>\n\t\t\t\t<\/div>\n\t\t\t\t<\/div>\n\t\t\t\t<\/div>\n\t\t\t\t<\/div>\n\t\t<div class=\"elementor-element elementor-element-baa2190 e-flex e-con-boxed e-con e-parent\" data-id=\"baa2190\" data-element_type=\"container\" data-settings=\"{&quot;background_background&quot;:&quot;classic&quot;,&quot;content_width&quot;:&quot;boxed&quot;}\" data-core-v316-plus=\"true\">\n\t\t\t\t\t<div class=\"e-con-inner\">\n\t\t<div class=\"elementor-element elementor-element-3be830f e-con-full e-flex e-con e-child\" data-id=\"3be830f\" data-element_type=\"container\" data-settings=\"{&quot;content_width&quot;:&quot;full&quot;}\">\n\t\t\t\t<div class=\"elementor-element elementor-element-8c76831 elementor-widget__width-inherit elementor-widget elementor-widget-heading\" data-id=\"8c76831\" data-element_type=\"widget\" data-widget_type=\"heading.default\">\n\t\t\t\t<div class=\"elementor-widget-container\">\n\t\t\t<style>\/*! elementor - v3.17.0 - 25-10-2023 *\/\n.elementor-heading-title{padding:0;margin:0;line-height:1}.elementor-widget-heading .elementor-heading-title[class*=elementor-size-]>a{color:inherit;font-size:inherit;line-height:inherit}.elementor-widget-heading .elementor-heading-title.elementor-size-small{font-size:15px}.elementor-widget-heading .elementor-heading-title.elementor-size-medium{font-size:19px}.elementor-widget-heading .elementor-heading-title.elementor-size-large{font-size:29px}.elementor-widget-heading .elementor-heading-title.elementor-size-xl{font-size:39px}.elementor-widget-heading .elementor-heading-title.elementor-size-xxl{font-size:59px}<\/style><h2 class=\"elementor-heading-title elementor-size-default\">Un equipo comprometido<\/h2>\t\t<\/div>\n\t\t\t\t<\/div>\n\t\t\t\t<div class=\"elementor-element elementor-element-42e2779 elementor-widget elementor-widget-text-editor\" data-id=\"42e2779\" data-element_type=\"widget\" data-widget_type=\"text-editor.default\">\n\t\t\t\t<div class=\"elementor-widget-container\">\n\t\t\t<style>\/*! elementor - v3.17.0 - 25-10-2023 *\/\n.elementor-widget-text-editor.elementor-drop-cap-view-stacked .elementor-drop-cap{background-color:#69727d;color:#fff}.elementor-widget-text-editor.elementor-drop-cap-view-framed .elementor-drop-cap{color:#69727d;border:3px solid;background-color:transparent}.elementor-widget-text-editor:not(.elementor-drop-cap-view-default) .elementor-drop-cap{margin-top:8px}.elementor-widget-text-editor:not(.elementor-drop-cap-view-default) .elementor-drop-cap-letter{width:1em;height:1em}.elementor-widget-text-editor .elementor-drop-cap{float:left;text-align:center;line-height:1;font-size:50px}.elementor-widget-text-editor .elementor-drop-cap-letter{display:inline-block}<\/style>\t\t\t\t<p>Desde mas de 10 a\u00f1os ofrecemos el servicio de paqueter\u00eda desde Mallorca a Alemania y Europa.<\/p>\n<p>Continuamos con la misma ilusi\u00f3n que nos llevo a crear la empresa. Seguimos creciendo gracias a la confianza de nuestros clientes.<\/p>\n\t\t\t\t\t\t<\/div>\n\t\t\t\t<\/div>\n\t\t\t\t<\/div>\n\t\t<div class=\"elementor-element elementor-element-9455d30 e-con-full e-flex e-con e-child\" data-id=\"9455d30\" data-element_type=\"container\" data-settings=\"{&quot;content_width&quot;:&quot;full&quot;}\">\n\t\t\t\t<div class=\"elementor-element elementor-element-f357ed5 elementor-widget elementor-widget-image\" data-id=\"f357ed5\" data-element_type=\"widget\" data-widget_type=\"image.default\">\n\t\t\t\t<div class=\"elementor-widget-container\">\n\t\t\t<style>\/*! elementor - v3.17.0 - 25-10-2023 *\/\n.elementor-widget-image{text-align:center}.elementor-widget-image a{display:inline-block}.elementor-widget-image a img[src$=\".svg\"]{width:48px}.elementor-widget-image img{vertical-align:middle;display:inline-block}<\/style>\t\t\t\t\t\t\t\t\t\t\t\t<img loading=\"lazy\" decoding=\"async\" width=\"803\" height=\"405\" src=\"https:\/\/mallorca-pakete.de\/wp-content\/uploads\/2023\/09\/quienes-somos-equipo.png\" class=\"attachment-full size-full wp-image-1718\" alt=\"\" srcset=\"https:\/\/mallorca-pakete.de\/wp-content\/uploads\/2023\/09\/quienes-somos-equipo.png 803w, https:\/\/mallorca-pakete.de\/wp-content\/uploads\/2023\/09\/quienes-somos-equipo-300x151.png 300w, https:\/\/mallorca-pakete.de\/wp-content\/uploads\/2023\/09\/quienes-somos-equipo-768x387.png 768w\" sizes=\"(max-width: 803px) 100vw, 803px\" \/>\t\t\t\t\t\t\t\t\t\t\t\t\t\t\t<\/div>\n\t\t\t\t<\/div>\n\t\t\t\t<\/div>\n\t\t\t\t\t<\/div>\n\t\t\t\t<\/div>\n\t\t<div class=\"elementor-element elementor-element-088a31f e-flex e-con-boxed e-con e-parent\" data-id=\"088a31f\" data-element_type=\"container\" data-settings=\"{&quot;content_width&quot;:&quot;boxed&quot;}\" data-core-v316-plus=\"true\">\n\t\t\t\t\t<div class=\"e-con-inner\">\n\t\t\t\t<div class=\"elementor-element elementor-element-810c487 elementor-widget elementor-widget-heading\" data-id=\"810c487\" data-element_type=\"widget\" data-widget_type=\"heading.default\">\n\t\t\t\t<div class=\"elementor-widget-container\">\n\t\t\t<h2 class=\"elementor-heading-title elementor-size-default\">Conoce al equipo<\/h2>\t\t<\/div>\n\t\t\t\t<\/div>\n\t\t\t\t<div class=\"elementor-element elementor-element-f3a8329 elementor-widget elementor-widget-rw-team-members-list\" data-id=\"f3a8329\" data-element_type=\"widget\" data-widget_type=\"rw-team-members-list.default\">\n\t\t\t\t<div class=\"elementor-widget-container\">\n\t\t\t\n\t\t<div id=\"rw_members_list\" class=\"rw-members-list\">\n\n\t\t\t<div class=\"rw-members-list__item\"><div class=\"rw-members-list__item--avatar-area\"><img loading=\"lazy\" decoding=\"async\" width=\"116\" height=\"116\" src=\"https:\/\/mallorca-pakete.de\/wp-content\/uploads\/2023\/10\/svenja.png\" class=\"attachment-post-thumbnail size-post-thumbnail wp-post-image\" alt=\"\" \/><\/div><div class=\"rw-members-list__item--content-area\"><span class=\"rw-members-list__item--job\">Eigent\u00fcmer<\/span><h6 class=\"rw-members-list__item--name\">Svenja<\/h6><\/div><\/div><div class=\"rw-members-list__item\"><div class=\"rw-members-list__item--avatar-area\"><img loading=\"lazy\" decoding=\"async\" width=\"116\" height=\"116\" src=\"https:\/\/mallorca-pakete.de\/wp-content\/uploads\/2023\/10\/javier.png\" class=\"attachment-post-thumbnail size-post-thumbnail wp-post-image\" alt=\"\" \/><\/div><div class=\"rw-members-list__item--content-area\"><span class=\"rw-members-list__item--job\">Lieferant<\/span><h6 class=\"rw-members-list__item--name\">Javier<\/h6><\/div><\/div>\n\t\t<\/div>\n\n\t\t\t\t<\/div>\n\t\t\t\t<\/div>\n\t\t\t\t\t<\/div>\n\t\t\t\t<\/div>\n\t\t\t\t\t\t\t<\/div>\n\t\t","protected":false},"excerpt":{"rendered":"<p>Un equipo comprometido Desde mas de 10 a\u00f1os ofrecemos el servicio de paqueter\u00eda desde Mallorca a Alemania y Europa. Continuamos con la misma ilusi\u00f3n que nos llevo a crear la empresa. Seguimos creciendo gracias a la confianza de nuestros clientes. Conoce al equipo Eigent\u00fcmer Svenja Lieferant Javier<\/p>\n","protected":false},"author":1,"featured_media":0,"parent":0,"menu_order":0,"comment_status":"closed","ping_status":"closed","template":"","meta":{"inline_featured_image":false,"_kad_post_transparent":"","_kad_post_title":"","_kad_post_layout":"","_kad_post_sidebar_id":"","_kad_post_content_style":"","_kad_post_vertical_padding":"","_kad_post_feature":"","_kad_post_feature_position":"","_kad_post_header":false,"_kad_post_footer":false,"footnotes":""},"yoast_head":"<!-- This site is optimized with the Yoast SEO plugin v22.0 - https:\/\/yoast.com\/wordpress\/plugins\/seo\/ -->\n<title>Qui\u00e9nes Somos | Mallorca Pakete<\/title>\n<meta name=\"robots\" content=\"index, follow, max-snippet:-1, max-image-preview:large, max-video-preview:-1\" \/>\n<link rel=\"canonical\" href=\"https:\/\/mallorca-pakete.de\/es\/quienes-somos\/\" \/>\n<meta property=\"og:locale\" content=\"es_ES\" \/>\n<meta property=\"og:type\" content=\"article\" \/>\n<meta property=\"og:title\" content=\"Qui\u00e9nes Somos | Mallorca Pakete\" \/>\n<meta property=\"og:description\" content=\"Un equipo comprometido Desde mas de 10 a\u00f1os ofrecemos el servicio de paqueter\u00eda desde Mallorca a Alemania y Europa. Continuamos con la misma ilusi\u00f3n que nos llevo a crear la empresa. Seguimos creciendo gracias a la confianza de nuestros clientes. Conoce al equipo Eigent\u00fcmer Svenja Lieferant Javier\" \/>\n<meta property=\"og:url\" content=\"https:\/\/mallorca-pakete.de\/es\/quienes-somos\/\" \/>\n<meta property=\"og:site_name\" content=\"Mallorca Pakete\" \/>\n<meta property=\"article:publisher\" content=\"https:\/\/www.facebook.com\/MallorcaPakete.de\/\" \/>\n<meta property=\"article:modified_time\" content=\"2023-10-25T09:31:44+00:00\" \/>\n<meta property=\"og:image\" content=\"https:\/\/mallorca-pakete.de\/wp-content\/uploads\/2023\/09\/quienes-somos-equipo.png\" \/>\n<meta name=\"twitter:card\" content=\"summary_large_image\" \/>\n<script type=\"application\/ld+json\" class=\"yoast-schema-graph\">{\"@context\":\"https:\/\/schema.org\",\"@graph\":[{\"@type\":\"WebPage\",\"@id\":\"https:\/\/mallorca-pakete.de\/es\/quienes-somos\/\",\"url\":\"https:\/\/mallorca-pakete.de\/es\/quienes-somos\/\",\"name\":\"Qui\u00e9nes Somos | Mallorca Pakete\",\"isPartOf\":{\"@id\":\"https:\/\/mallorca-pakete.de\/es\/#website\"},\"datePublished\":\"2023-10-18T06:23:26+00:00\",\"dateModified\":\"2023-10-25T09:31:44+00:00\",\"breadcrumb\":{\"@id\":\"https:\/\/mallorca-pakete.de\/es\/quienes-somos\/#breadcrumb\"},\"inLanguage\":\"es\",\"potentialAction\":[{\"@type\":\"ReadAction\",\"target\":[\"https:\/\/mallorca-pakete.de\/es\/quienes-somos\/\"]}]},{\"@type\":\"BreadcrumbList\",\"@id\":\"https:\/\/mallorca-pakete.de\/es\/quienes-somos\/#breadcrumb\",\"itemListElement\":[{\"@type\":\"ListItem\",\"position\":1,\"name\":\"Startseite\",\"item\":\"https:\/\/mallorca-pakete.de\/es\/inicio\/\"},{\"@type\":\"ListItem\",\"position\":2,\"name\":\"Qui\u00e9nes Somos\"}]},{\"@type\":\"WebSite\",\"@id\":\"https:\/\/mallorca-pakete.de\/es\/#website\",\"url\":\"https:\/\/mallorca-pakete.de\/es\/\",\"name\":\"Mallorca Pakete\",\"description\":\"Ihr zuverl\u00e4ssiger, g\u00fcnstiger und schneller Paketdienst\",\"publisher\":{\"@id\":\"https:\/\/mallorca-pakete.de\/es\/#organization\"},\"potentialAction\":[{\"@type\":\"SearchAction\",\"target\":{\"@type\":\"EntryPoint\",\"urlTemplate\":\"https:\/\/mallorca-pakete.de\/es\/?s={search_term_string}\"},\"query-input\":\"required name=search_term_string\"}],\"inLanguage\":\"es\"},{\"@type\":\"Organization\",\"@id\":\"https:\/\/mallorca-pakete.de\/es\/#organization\",\"name\":\"Mallorca Pakete\",\"url\":\"https:\/\/mallorca-pakete.de\/es\/\",\"logo\":{\"@type\":\"ImageObject\",\"inLanguage\":\"es\",\"@id\":\"https:\/\/mallorca-pakete.de\/es\/#\/schema\/logo\/image\/\",\"url\":\"https:\/\/mallorca-pakete.de\/wp-content\/uploads\/2023\/09\/logo-min-blue.svg\",\"contentUrl\":\"https:\/\/mallorca-pakete.de\/wp-content\/uploads\/2023\/09\/logo-min-blue.svg\",\"width\":235,\"height\":80,\"caption\":\"Mallorca Pakete\"},\"image\":{\"@id\":\"https:\/\/mallorca-pakete.de\/es\/#\/schema\/logo\/image\/\"},\"sameAs\":[\"https:\/\/www.facebook.com\/MallorcaPakete.de\/\",\"https:\/\/www.instagram.com\/mallorcapakete\/\"]}]}<\/script>\n<!-- \/ Yoast SEO plugin. -->","yoast_head_json":{"title":"Qui\u00e9nes Somos | Mallorca Pakete","robots":{"index":"index","follow":"follow","max-snippet":"max-snippet:-1","max-image-preview":"max-image-preview:large","max-video-preview":"max-video-preview:-1"},"canonical":"https:\/\/mallorca-pakete.de\/es\/quienes-somos\/","og_locale":"es_ES","og_type":"article","og_title":"Qui\u00e9nes Somos | Mallorca Pakete","og_description":"Un equipo comprometido Desde mas de 10 a\u00f1os ofrecemos el servicio de paqueter\u00eda desde Mallorca a Alemania y Europa. Continuamos con la misma ilusi\u00f3n que nos llevo a crear la empresa. Seguimos creciendo gracias a la confianza de nuestros clientes. Conoce al equipo Eigent\u00fcmer Svenja Lieferant Javier","og_url":"https:\/\/mallorca-pakete.de\/es\/quienes-somos\/","og_site_name":"Mallorca Pakete","article_publisher":"https:\/\/www.facebook.com\/MallorcaPakete.de\/","article_modified_time":"2023-10-25T09:31:44+00:00","og_image":[{"url":"https:\/\/mallorca-pakete.de\/wp-content\/uploads\/2023\/09\/quienes-somos-equipo.png"}],"twitter_card":"summary_large_image","schema":{"@context":"https:\/\/schema.org","@graph":[{"@type":"WebPage","@id":"https:\/\/mallorca-pakete.de\/es\/quienes-somos\/","url":"https:\/\/mallorca-pakete.de\/es\/quienes-somos\/","name":"Qui\u00e9nes Somos | Mallorca Pakete","isPartOf":{"@id":"https:\/\/mallorca-pakete.de\/es\/#website"},"datePublished":"2023-10-18T06:23:26+00:00","dateModified":"2023-10-25T09:31:44+00:00","breadcrumb":{"@id":"https:\/\/mallorca-pakete.de\/es\/quienes-somos\/#breadcrumb"},"inLanguage":"es","potentialAction":[{"@type":"ReadAction","target":["https:\/\/mallorca-pakete.de\/es\/quienes-somos\/"]}]},{"@type":"BreadcrumbList","@id":"https:\/\/mallorca-pakete.de\/es\/quienes-somos\/#breadcrumb","itemListElement":[{"@type":"ListItem","position":1,"name":"Startseite","item":"https:\/\/mallorca-pakete.de\/es\/inicio\/"},{"@type":"ListItem","position":2,"name":"Qui\u00e9nes Somos"}]},{"@type":"WebSite","@id":"https:\/\/mallorca-pakete.de\/es\/#website","url":"https:\/\/mallorca-pakete.de\/es\/","name":"Mallorca Pakete","description":"Ihr zuverl\u00e4ssiger, g\u00fcnstiger und schneller Paketdienst","publisher":{"@id":"https:\/\/mallorca-pakete.de\/es\/#organization"},"potentialAction":[{"@type":"SearchAction","target":{"@type":"EntryPoint","urlTemplate":"https:\/\/mallorca-pakete.de\/es\/?s={search_term_string}"},"query-input":"required name=search_term_string"}],"inLanguage":"es"},{"@type":"Organization","@id":"https:\/\/mallorca-pakete.de\/es\/#organization","name":"Mallorca Pakete","url":"https:\/\/mallorca-pakete.de\/es\/","logo":{"@type":"ImageObject","inLanguage":"es","@id":"https:\/\/mallorca-pakete.de\/es\/#\/schema\/logo\/image\/","url":"https:\/\/mallorca-pakete.de\/wp-content\/uploads\/2023\/09\/logo-min-blue.svg","contentUrl":"https:\/\/mallorca-pakete.de\/wp-content\/uploads\/2023\/09\/logo-min-blue.svg","width":235,"height":80,"caption":"Mallorca Pakete"},"image":{"@id":"https:\/\/mallorca-pakete.de\/es\/#\/schema\/logo\/image\/"},"sameAs":["https:\/\/www.facebook.com\/MallorcaPakete.de\/","https:\/\/www.instagram.com\/mallorcapakete\/"]}]}},"_links":{"self":[{"href":"https:\/\/mallorca-pakete.de\/es\/wp-json\/wp\/v2\/pages\/2493"}],"collection":[{"href":"https:\/\/mallorca-pakete.de\/es\/wp-json\/wp\/v2\/pages"}],"about":[{"href":"https:\/\/mallorca-pakete.de\/es\/wp-json\/wp\/v2\/types\/page"}],"author":[{"embeddable":true,"href":"https:\/\/mallorca-pakete.de\/es\/wp-json\/wp\/v2\/users\/1"}],"replies":[{"embeddable":true,"href":"https:\/\/mallorca-pakete.de\/es\/wp-json\/wp\/v2\/comments?post=2493"}],"version-history":[{"count":7,"href":"https:\/\/mallorca-pakete.de\/es\/wp-json\/wp\/v2\/pages\/2493\/revisions"}],"predecessor-version":[{"id":3638,"href":"https:\/\/mallorca-pakete.de\/es\/wp-json\/wp\/v2\/pages\/2493\/revisions\/3638"}],"wp:attachment":[{"href":"https:\/\/mallorca-pakete.de\/es\/wp-json\/wp\/v2\/media?parent=2493"}],"curies":[{"name":"wp","href":"https:\/\/api.w.org\/{rel}","templated":true}]}}