{"id":2509,"date":"2023-10-18T08:26:00","date_gmt":"2023-10-18T06:26:00","guid":{"rendered":"https:\/\/mallorca-pakete.de\/precios\/"},"modified":"2025-02-27T13:27:11","modified_gmt":"2025-02-27T12:27:11","slug":"precios","status":"publish","type":"page","link":"https:\/\/mallorca-pakete.de\/es\/precios\/","title":{"rendered":"Precios"},"content":{"rendered":"<p><a role=\"button\"><\/p>\n<p>Ver Instrucciones de empaquetado<br \/>\n<\/a><\/p>\n<table id=\"pakete_table_small\">\n<thead>\n<tr>\n<th>Categor\u00edas<\/th>\n<th>Medida: Suma del lado m\u00e1s largo + el lado m\u00e1s corto. MAX 31 kg MAX 31 kg<\/th>\n<th>Alemania (Islas + 25\u20ac )<\/th>\n<\/tr>\n<\/thead>\n<tbody>\n<tr>\n<td>Mini<\/td>\n<td>0-30cm<\/td>\n<td>11.90 \u20ac<\/td>\n<\/tr>\n<tr>\n<td>PK1<\/td>\n<td>31-50cm<\/td>\n<td>17.90 \u20ac<\/td>\n<\/tr>\n<tr>\n<td>PK2<\/td>\n<td>51-65cm<\/td>\n<td>27.90 \u20ac<\/td>\n<\/tr>\n<tr>\n<td>PK3<\/td>\n<td>66-80cm<\/td>\n<td>37.90 \u20ac<\/td>\n<\/tr>\n<tr>\n<td>PK4<\/td>\n<td>81-100cm***<\/td>\n<td>47.90 \u20ac<\/td>\n<\/tr>\n<tr>\n<td>PK5<\/td>\n<td>101-120cm****<\/td>\n<td>57.90 \u20ac<\/td>\n<\/tr>\n<tr>\n<td>PK6<\/td>\n<td>121-160cm*****<\/td>\n<td>77.90 \u20ac<\/td>\n<\/tr>\n<tr>\n<td>PK7<\/td>\n<td>161-10cm****<\/td>\n<td>87.90 \u20ac<\/td>\n<\/tr>\n<\/tbody>\n<\/table>\n<table id=\"pakete_table\">\n<thead>\n<tr>\n<th>Categor\u00edas<\/th>\n<th>Medida: Suma del lado m\u00e1s largo + el lado m\u00e1s corto. MAX 31 kg MAX 31 kg<\/th>\n<th>Europa 1*<\/th>\n<th>Europa 2**<\/th>\n<th>Europa 3***<\/th>\n<\/tr>\n<\/thead>\n<tbody>\n<tr>\n<td>Mini<\/td>\n<td>0-30cm<\/td>\n<td>20.90 \u20ac<\/td>\n<td>30.90 \u20ac<\/td>\n<td>40.90 \u20ac<\/td>\n<\/tr>\n<tr>\n<td>PK1<\/td>\n<td>30-50 cm<\/td>\n<td>27.90 \u20ac<\/td>\n<td>37.90 \u20ac<\/td>\n<td>47.90 \u20ac<\/td>\n<\/tr>\n<tr>\n<td>PK2<\/td>\n<td>50-80 cm<\/td>\n<td>47.90 \u20ac<\/td>\n<td>57.90 \u20ac<\/td>\n<td>67.90 \u20ac<\/td>\n<\/tr>\n<tr>\n<td>PK3<\/td>\n<td>80-120 cm \u2013 per\u00edmetro**** m\u00e1x.. 300cm<\/td>\n<td>72.90 \u20ac<\/td>\n<td>77.90\u20ac<\/td>\n<td>87.90\u20ac<\/td>\n<\/tr>\n<tr>\n<td>PK4<\/td>\n<td>120-180 cm \u2013 per\u00edmetro**** m\u00e1x.. 300cm<\/td>\n<td>Consultar<\/td>\n<td>Consultar<\/td>\n<td>Consultar<\/td>\n<\/tr>\n<\/tbody>\n<\/table>\n<p>El precio incl. 21 % I.V.A y un seguro de 500 \u20ac \u2013 respetando las normas de envi\u00f3 de DPD- l\u00edquidos tienen que estar embalados en cajas certificadas<\/p>\n<p><strong>Europa 1*<\/strong> B\u00e9lgica, Luxemburgo, Dinamarca (menos Islas Fero\u00e9s y Groenlandia), Francia (sin Islas), Holanda (sin Islas), Austria.<\/p>\n<p><strong>Europa 2**<\/strong> Italia (sin Islas), Finlandia, Suecia .<\/p>\n<p><strong>Europa 3***<\/strong> Estonia, Croacia, Lituania, Letonia, Polonia, Eslovaquia, Eslovenia, Hungr\u00eda, Republica Checa .<\/p>\n<p>**** la suma de todos los lados no puede superar los 300cm de per\u00edmetro (1x lado m\u00e1s largo + 2x ancho + 2x altura) Los precios no incluyen islas<\/p>\n<p>Para paquetes m\u00e1s grandes o peso superior a 31 kilos pedir presupuesto E-Mail <a href=\"mailto:info@mallorca-pakete.de\">info@mallorca-pakete.de<\/a> o tel. <a href=\"tel:+34693861715\">0034 693 861 715<\/a>.<\/p>\n","protected":false},"excerpt":{"rendered":"<p>Ver Instrucciones de empaquetado Categor\u00edas Medida: Suma del lado m\u00e1s largo + el lado m\u00e1s corto. MAX 31 kg MAX 31 kg Alemania (Islas + 25\u20ac ) Mini 0-30cm 11.90 \u20ac PK1 31-50cm 17.90 \u20ac PK2 51-65cm 27.90 \u20ac PK3 66-80cm 37.90 \u20ac PK4 81-100cm*** 47.90 \u20ac PK5 101-120cm**** 57.90 \u20ac PK6 121-160cm***** 77.90 \u20ac&#8230;<\/p>\n","protected":false},"author":1,"featured_media":0,"parent":0,"menu_order":0,"comment_status":"closed","ping_status":"closed","template":"","meta":{"inline_featured_image":false,"_kad_post_transparent":"","_kad_post_title":"","_kad_post_layout":"","_kad_post_sidebar_id":"","_kad_post_content_style":"","_kad_post_vertical_padding":"","_kad_post_feature":"","_kad_post_feature_position":"","_kad_post_header":false,"_kad_post_footer":false,"footnotes":""},"yoast_head":"<!-- This site is optimized with the Yoast SEO plugin v22.0 - https:\/\/yoast.com\/wordpress\/plugins\/seo\/ -->\n<title>Nuestros precios para Alemania y Europa | Mallorca Pakete<\/title>\n<meta name=\"robots\" content=\"index, follow, max-snippet:-1, max-image-preview:large, max-video-preview:-1\" \/>\n<link rel=\"canonical\" href=\"https:\/\/mallorca-pakete.de\/es\/precios\/\" \/>\n<meta property=\"og:locale\" content=\"es_ES\" \/>\n<meta property=\"og:type\" content=\"article\" \/>\n<meta property=\"og:title\" content=\"Nuestros precios para Alemania y Europa | Mallorca Pakete\" \/>\n<meta property=\"og:description\" content=\"Ver Instrucciones de empaquetado Categor\u00edas Medida: Suma del lado m\u00e1s largo + el lado m\u00e1s corto. MAX 31 kg MAX 31 kg Alemania (Islas + 25\u20ac ) Mini 0-30cm 11.90 \u20ac PK1 31-50cm 17.90 \u20ac PK2 51-65cm 27.90 \u20ac PK3 66-80cm 37.90 \u20ac PK4 81-100cm*** 47.90 \u20ac PK5 101-120cm**** 57.90 \u20ac PK6 121-160cm***** 77.90 \u20ac...\" \/>\n<meta property=\"og:url\" content=\"https:\/\/mallorca-pakete.de\/es\/precios\/\" \/>\n<meta property=\"og:site_name\" content=\"Mallorca Pakete\" \/>\n<meta property=\"article:publisher\" content=\"https:\/\/www.facebook.com\/MallorcaPakete.de\/\" \/>\n<meta property=\"article:modified_time\" content=\"2025-02-27T12:27:11+00:00\" \/>\n<meta name=\"twitter:card\" content=\"summary_large_image\" \/>\n<meta name=\"twitter:label1\" content=\"Tiempo de lectura\" \/>\n\t<meta name=\"twitter:data1\" content=\"2 minutos\" \/>\n<script type=\"application\/ld+json\" class=\"yoast-schema-graph\">{\"@context\":\"https:\/\/schema.org\",\"@graph\":[{\"@type\":\"WebPage\",\"@id\":\"https:\/\/mallorca-pakete.de\/es\/precios\/\",\"url\":\"https:\/\/mallorca-pakete.de\/es\/precios\/\",\"name\":\"Nuestros precios para Alemania y Europa | Mallorca Pakete\",\"isPartOf\":{\"@id\":\"https:\/\/mallorca-pakete.de\/es\/#website\"},\"datePublished\":\"2023-10-18T06:26:00+00:00\",\"dateModified\":\"2025-02-27T12:27:11+00:00\",\"breadcrumb\":{\"@id\":\"https:\/\/mallorca-pakete.de\/es\/precios\/#breadcrumb\"},\"inLanguage\":\"es\",\"potentialAction\":[{\"@type\":\"ReadAction\",\"target\":[\"https:\/\/mallorca-pakete.de\/es\/precios\/\"]}]},{\"@type\":\"BreadcrumbList\",\"@id\":\"https:\/\/mallorca-pakete.de\/es\/precios\/#breadcrumb\",\"itemListElement\":[{\"@type\":\"ListItem\",\"position\":1,\"name\":\"Startseite\",\"item\":\"https:\/\/mallorca-pakete.de\/es\/inicio\/\"},{\"@type\":\"ListItem\",\"position\":2,\"name\":\"Precios\"}]},{\"@type\":\"WebSite\",\"@id\":\"https:\/\/mallorca-pakete.de\/es\/#website\",\"url\":\"https:\/\/mallorca-pakete.de\/es\/\",\"name\":\"Mallorca Pakete\",\"description\":\"Ihr zuverl\u00e4ssiger, g\u00fcnstiger und schneller Paketdienst\",\"publisher\":{\"@id\":\"https:\/\/mallorca-pakete.de\/es\/#organization\"},\"potentialAction\":[{\"@type\":\"SearchAction\",\"target\":{\"@type\":\"EntryPoint\",\"urlTemplate\":\"https:\/\/mallorca-pakete.de\/es\/?s={search_term_string}\"},\"query-input\":\"required name=search_term_string\"}],\"inLanguage\":\"es\"},{\"@type\":\"Organization\",\"@id\":\"https:\/\/mallorca-pakete.de\/es\/#organization\",\"name\":\"Mallorca Pakete\",\"url\":\"https:\/\/mallorca-pakete.de\/es\/\",\"logo\":{\"@type\":\"ImageObject\",\"inLanguage\":\"es\",\"@id\":\"https:\/\/mallorca-pakete.de\/es\/#\/schema\/logo\/image\/\",\"url\":\"https:\/\/mallorca-pakete.de\/wp-content\/uploads\/2023\/09\/logo-min-blue.svg\",\"contentUrl\":\"https:\/\/mallorca-pakete.de\/wp-content\/uploads\/2023\/09\/logo-min-blue.svg\",\"width\":235,\"height\":80,\"caption\":\"Mallorca Pakete\"},\"image\":{\"@id\":\"https:\/\/mallorca-pakete.de\/es\/#\/schema\/logo\/image\/\"},\"sameAs\":[\"https:\/\/www.facebook.com\/MallorcaPakete.de\/\",\"https:\/\/www.instagram.com\/mallorcapakete\/\"]}]}<\/script>\n<!-- \/ Yoast SEO plugin. -->","yoast_head_json":{"title":"Nuestros precios para Alemania y Europa | Mallorca Pakete","robots":{"index":"index","follow":"follow","max-snippet":"max-snippet:-1","max-image-preview":"max-image-preview:large","max-video-preview":"max-video-preview:-1"},"canonical":"https:\/\/mallorca-pakete.de\/es\/precios\/","og_locale":"es_ES","og_type":"article","og_title":"Nuestros precios para Alemania y Europa | Mallorca Pakete","og_description":"Ver Instrucciones de empaquetado Categor\u00edas Medida: Suma del lado m\u00e1s largo + el lado m\u00e1s corto. MAX 31 kg MAX 31 kg Alemania (Islas + 25\u20ac ) Mini 0-30cm 11.90 \u20ac PK1 31-50cm 17.90 \u20ac PK2 51-65cm 27.90 \u20ac PK3 66-80cm 37.90 \u20ac PK4 81-100cm*** 47.90 \u20ac PK5 101-120cm**** 57.90 \u20ac PK6 121-160cm***** 77.90 \u20ac...","og_url":"https:\/\/mallorca-pakete.de\/es\/precios\/","og_site_name":"Mallorca Pakete","article_publisher":"https:\/\/www.facebook.com\/MallorcaPakete.de\/","article_modified_time":"2025-02-27T12:27:11+00:00","twitter_card":"summary_large_image","twitter_misc":{"Tiempo de lectura":"2 minutos"},"schema":{"@context":"https:\/\/schema.org","@graph":[{"@type":"WebPage","@id":"https:\/\/mallorca-pakete.de\/es\/precios\/","url":"https:\/\/mallorca-pakete.de\/es\/precios\/","name":"Nuestros precios para Alemania y Europa | Mallorca Pakete","isPartOf":{"@id":"https:\/\/mallorca-pakete.de\/es\/#website"},"datePublished":"2023-10-18T06:26:00+00:00","dateModified":"2025-02-27T12:27:11+00:00","breadcrumb":{"@id":"https:\/\/mallorca-pakete.de\/es\/precios\/#breadcrumb"},"inLanguage":"es","potentialAction":[{"@type":"ReadAction","target":["https:\/\/mallorca-pakete.de\/es\/precios\/"]}]},{"@type":"BreadcrumbList","@id":"https:\/\/mallorca-pakete.de\/es\/precios\/#breadcrumb","itemListElement":[{"@type":"ListItem","position":1,"name":"Startseite","item":"https:\/\/mallorca-pakete.de\/es\/inicio\/"},{"@type":"ListItem","position":2,"name":"Precios"}]},{"@type":"WebSite","@id":"https:\/\/mallorca-pakete.de\/es\/#website","url":"https:\/\/mallorca-pakete.de\/es\/","name":"Mallorca Pakete","description":"Ihr zuverl\u00e4ssiger, g\u00fcnstiger und schneller Paketdienst","publisher":{"@id":"https:\/\/mallorca-pakete.de\/es\/#organization"},"potentialAction":[{"@type":"SearchAction","target":{"@type":"EntryPoint","urlTemplate":"https:\/\/mallorca-pakete.de\/es\/?s={search_term_string}"},"query-input":"required name=search_term_string"}],"inLanguage":"es"},{"@type":"Organization","@id":"https:\/\/mallorca-pakete.de\/es\/#organization","name":"Mallorca Pakete","url":"https:\/\/mallorca-pakete.de\/es\/","logo":{"@type":"ImageObject","inLanguage":"es","@id":"https:\/\/mallorca-pakete.de\/es\/#\/schema\/logo\/image\/","url":"https:\/\/mallorca-pakete.de\/wp-content\/uploads\/2023\/09\/logo-min-blue.svg","contentUrl":"https:\/\/mallorca-pakete.de\/wp-content\/uploads\/2023\/09\/logo-min-blue.svg","width":235,"height":80,"caption":"Mallorca Pakete"},"image":{"@id":"https:\/\/mallorca-pakete.de\/es\/#\/schema\/logo\/image\/"},"sameAs":["https:\/\/www.facebook.com\/MallorcaPakete.de\/","https:\/\/www.instagram.com\/mallorcapakete\/"]}]}},"_links":{"self":[{"href":"https:\/\/mallorca-pakete.de\/es\/wp-json\/wp\/v2\/pages\/2509"}],"collection":[{"href":"https:\/\/mallorca-pakete.de\/es\/wp-json\/wp\/v2\/pages"}],"about":[{"href":"https:\/\/mallorca-pakete.de\/es\/wp-json\/wp\/v2\/types\/page"}],"author":[{"embeddable":true,"href":"https:\/\/mallorca-pakete.de\/es\/wp-json\/wp\/v2\/users\/1"}],"replies":[{"embeddable":true,"href":"https:\/\/mallorca-pakete.de\/es\/wp-json\/wp\/v2\/comments?post=2509"}],"version-history":[{"count":150,"href":"https:\/\/mallorca-pakete.de\/es\/wp-json\/wp\/v2\/pages\/2509\/revisions"}],"predecessor-version":[{"id":23300,"href":"https:\/\/mallorca-pakete.de\/es\/wp-json\/wp\/v2\/pages\/2509\/revisions\/23300"}],"wp:attachment":[{"href":"https:\/\/mallorca-pakete.de\/es\/wp-json\/wp\/v2\/media?parent=2509"}],"curies":[{"name":"wp","href":"https:\/\/api.w.org\/{rel}","templated":true}]}}