{"id":2511,"date":"2023-10-18T08:26:09","date_gmt":"2023-10-18T06:26:09","guid":{"rendered":"https:\/\/mallorca-pakete.de\/declaracion-de-accesibilidad\/"},"modified":"2023-10-23T16:56:21","modified_gmt":"2023-10-23T14:56:21","slug":"declaracion-de-accesibilidad","status":"publish","type":"page","link":"https:\/\/mallorca-pakete.de\/es\/declaracion-de-accesibilidad\/","title":{"rendered":"Declaraci\u00f3n de accesibilidad"},"content":{"rendered":"\t\t<div data-elementor-type=\"wp-page\" data-elementor-id=\"2511\" class=\"elementor elementor-2511 elementor-1908\" data-elementor-post-type=\"page\">\n\t\t\t\t\t\t\t<div class=\"elementor-element elementor-element-57c8aa7 e-con-full e-flex e-con e-parent\" data-id=\"57c8aa7\" data-element_type=\"container\" data-settings=\"{&quot;content_width&quot;:&quot;full&quot;}\" data-core-v316-plus=\"true\">\n\t\t\t\t<div class=\"elementor-element elementor-element-f4cc4ce elementor-widget elementor-widget-template\" data-id=\"f4cc4ce\" data-element_type=\"widget\" data-widget_type=\"template.default\">\n\t\t\t\t<div class=\"elementor-widget-container\">\n\t\t\t\t\t<div class=\"elementor-template\">\n\t\t\t\t\t<div data-elementor-type=\"container\" data-elementor-id=\"1664\" class=\"elementor elementor-1664\" data-elementor-post-type=\"elementor_library\">\n\t\t\t\t\t\t\t<div class=\"elementor-element elementor-element-54942b37 e-con-full e-flex e-con e-parent\" data-id=\"54942b37\" data-element_type=\"container\" data-settings=\"{&quot;content_width&quot;:&quot;full&quot;,&quot;background_background&quot;:&quot;classic&quot;}\" data-core-v316-plus=\"true\">\n\t\t<div class=\"elementor-element elementor-element-26f1b37c e-flex e-con-boxed e-con e-child\" data-id=\"26f1b37c\" data-element_type=\"container\" data-settings=\"{&quot;content_width&quot;:&quot;boxed&quot;}\">\n\t\t\t\t\t<div class=\"e-con-inner\">\n\t\t\t\t\t<\/div>\n\t\t\t\t<\/div>\n\t\t\t\t<\/div>\n\t\t\t\t\t\t\t<\/div>\n\t\t\t\t<\/div>\n\t\t\t\t<\/div>\n\t\t\t\t<\/div>\n\t\t\t\t<\/div>\n\t\t<div class=\"elementor-element elementor-element-58c3d9b e-flex e-con-boxed e-con e-parent\" data-id=\"58c3d9b\" data-element_type=\"container\" data-settings=\"{&quot;content_width&quot;:&quot;boxed&quot;}\" data-core-v316-plus=\"true\">\n\t\t\t\t\t<div class=\"e-con-inner\">\n\t\t\t\t<div class=\"elementor-element elementor-element-3c3db7d elementor-widget elementor-widget-spacer\" data-id=\"3c3db7d\" data-element_type=\"widget\" data-widget_type=\"spacer.default\">\n\t\t\t\t<div class=\"elementor-widget-container\">\n\t\t\t<style>\/*! elementor - v3.17.0 - 25-10-2023 *\/\n.elementor-column .elementor-spacer-inner{height:var(--spacer-size)}.e-con{--container-widget-width:100%}.e-con-inner>.elementor-widget-spacer,.e-con>.elementor-widget-spacer{width:var(--container-widget-width,var(--spacer-size));--align-self:var(--container-widget-align-self,initial);--flex-shrink:0}.e-con-inner>.elementor-widget-spacer>.elementor-widget-container,.e-con>.elementor-widget-spacer>.elementor-widget-container{height:100%;width:100%}.e-con-inner>.elementor-widget-spacer>.elementor-widget-container>.elementor-spacer,.e-con>.elementor-widget-spacer>.elementor-widget-container>.elementor-spacer{height:100%}.e-con-inner>.elementor-widget-spacer>.elementor-widget-container>.elementor-spacer>.elementor-spacer-inner,.e-con>.elementor-widget-spacer>.elementor-widget-container>.elementor-spacer>.elementor-spacer-inner{height:var(--container-widget-height,var(--spacer-size))}.e-con-inner>.elementor-widget-spacer.elementor-widget-empty,.e-con>.elementor-widget-spacer.elementor-widget-empty{position:relative;min-height:22px;min-width:22px}.e-con-inner>.elementor-widget-spacer.elementor-widget-empty .elementor-widget-empty-icon,.e-con>.elementor-widget-spacer.elementor-widget-empty .elementor-widget-empty-icon{position:absolute;top:0;bottom:0;left:0;right:0;margin:auto;padding:0;width:22px;height:22px}<\/style>\t\t<div class=\"elementor-spacer\">\n\t\t\t<div class=\"elementor-spacer-inner\"><\/div>\n\t\t<\/div>\n\t\t\t\t<\/div>\n\t\t\t\t<\/div>\n\t\t\t\t<div class=\"elementor-element elementor-element-3f5a261 elementor-widget elementor-widget-text-editor\" data-id=\"3f5a261\" data-element_type=\"widget\" data-widget_type=\"text-editor.default\">\n\t\t\t\t<div class=\"elementor-widget-container\">\n\t\t\t<style>\/*! elementor - v3.17.0 - 25-10-2023 *\/\n.elementor-widget-text-editor.elementor-drop-cap-view-stacked .elementor-drop-cap{background-color:#69727d;color:#fff}.elementor-widget-text-editor.elementor-drop-cap-view-framed .elementor-drop-cap{color:#69727d;border:3px solid;background-color:transparent}.elementor-widget-text-editor:not(.elementor-drop-cap-view-default) .elementor-drop-cap{margin-top:8px}.elementor-widget-text-editor:not(.elementor-drop-cap-view-default) .elementor-drop-cap-letter{width:1em;height:1em}.elementor-widget-text-editor .elementor-drop-cap{float:left;text-align:center;line-height:1;font-size:50px}.elementor-widget-text-editor .elementor-drop-cap-letter{display:inline-block}<\/style>\t\t\t\t<p>El organismo Gestores Concursales Online se ha comprometido a hacer accesible <a href=\"https:\/\/mallorca-pakete.de\/es\/\" target=\"_blank\" rel=\"noopener noreferrer\">https:\/\/mallorca-pakete.de\/<\/a>, de conformidad con el <a href=\"https:\/\/www.boe.es\/buscar\/act.php?id=BOE-A-2018-12699\" target=\"_blank\" rel=\"noopener noreferrer\">Real Decreto 1112\/2018, de 7 de septiembre, sobre accesibilidad de los sitios web y aplicaciones para dispositivos m\u00f3viles del sector p\u00fablico<\/a>.<\/p>\n<p>La presente declaraci\u00f3n de accesibilidad se aplica al sitio web <a href=\"https:\/\/mallorca-pakete.de\/es\/\">https:\/\/mallorca-pakete.de\/<\/a><\/p>\n<p>Este sitio web es plenamente conforme con RD 1112\/2018.<\/p>\n<p>La presente declaraci\u00f3n fue preparada el 21 de octubre 2023.<\/p>\n<p>El m\u00e9todo empleado para preparar la declaraci\u00f3n ha sido una autoevaluaci\u00f3n llevada a cabo por el propio<br \/>organismo.<\/p>\n<p>\u00daltima revisi\u00f3n de la declaraci\u00f3n: 21 de Octubre del 2023.<\/p>\n\t\t\t\t\t\t<\/div>\n\t\t\t\t<\/div>\n\t\t\t\t<div class=\"elementor-element elementor-element-eccb70a elementor-widget elementor-widget-spacer\" data-id=\"eccb70a\" data-element_type=\"widget\" data-widget_type=\"spacer.default\">\n\t\t\t\t<div class=\"elementor-widget-container\">\n\t\t\t\t\t<div class=\"elementor-spacer\">\n\t\t\t<div class=\"elementor-spacer-inner\"><\/div>\n\t\t<\/div>\n\t\t\t\t<\/div>\n\t\t\t\t<\/div>\n\t\t\t\t\t<\/div>\n\t\t\t\t<\/div>\n\t\t\t\t\t\t\t<\/div>\n\t\t","protected":false},"excerpt":{"rendered":"<p>El organismo Gestores Concursales Online se ha comprometido a hacer accesible https:\/\/mallorca-pakete.de\/, de conformidad con el Real Decreto 1112\/2018, de 7 de septiembre, sobre accesibilidad de los sitios web y aplicaciones para dispositivos m\u00f3viles del sector p\u00fablico. La presente declaraci\u00f3n de accesibilidad se aplica al sitio web https:\/\/mallorca-pakete.de\/ Este sitio web es plenamente conforme con&#8230;<\/p>\n","protected":false},"author":1,"featured_media":0,"parent":0,"menu_order":0,"comment_status":"closed","ping_status":"closed","template":"elementor_header_footer","meta":{"inline_featured_image":false,"_kad_post_transparent":"","_kad_post_title":"","_kad_post_layout":"","_kad_post_sidebar_id":"","_kad_post_content_style":"","_kad_post_vertical_padding":"","_kad_post_feature":"","_kad_post_feature_position":"","_kad_post_header":false,"_kad_post_footer":false,"footnotes":""},"yoast_head":"<!-- This site is optimized with the Yoast SEO plugin v22.0 - https:\/\/yoast.com\/wordpress\/plugins\/seo\/ -->\n<title>Declaraci\u00f3n de accesibilidad | Mallorca Pakete<\/title>\n<meta name=\"robots\" content=\"index, follow, max-snippet:-1, max-image-preview:large, max-video-preview:-1\" \/>\n<link rel=\"canonical\" href=\"https:\/\/mallorca-pakete.de\/es\/declaracion-de-accesibilidad\/\" \/>\n<meta property=\"og:locale\" content=\"es_ES\" \/>\n<meta property=\"og:type\" content=\"article\" \/>\n<meta property=\"og:title\" content=\"Declaraci\u00f3n de accesibilidad | Mallorca Pakete\" \/>\n<meta property=\"og:description\" content=\"El organismo Gestores Concursales Online se ha comprometido a hacer accesible https:\/\/mallorca-pakete.de\/, de conformidad con el Real Decreto 1112\/2018, de 7 de septiembre, sobre accesibilidad de los sitios web y aplicaciones para dispositivos m\u00f3viles del sector p\u00fablico. La presente declaraci\u00f3n de accesibilidad se aplica al sitio web https:\/\/mallorca-pakete.de\/ Este sitio web es plenamente conforme con...\" \/>\n<meta property=\"og:url\" content=\"https:\/\/mallorca-pakete.de\/es\/declaracion-de-accesibilidad\/\" \/>\n<meta property=\"og:site_name\" content=\"Mallorca Pakete\" \/>\n<meta property=\"article:publisher\" content=\"https:\/\/www.facebook.com\/MallorcaPakete.de\/\" \/>\n<meta property=\"article:modified_time\" content=\"2023-10-23T14:56:21+00:00\" \/>\n<meta name=\"twitter:card\" content=\"summary_large_image\" \/>\n<meta name=\"twitter:label1\" content=\"Tiempo de lectura\" \/>\n\t<meta name=\"twitter:data1\" content=\"1 minuto\" \/>\n<script type=\"application\/ld+json\" class=\"yoast-schema-graph\">{\"@context\":\"https:\/\/schema.org\",\"@graph\":[{\"@type\":\"WebPage\",\"@id\":\"https:\/\/mallorca-pakete.de\/es\/declaracion-de-accesibilidad\/\",\"url\":\"https:\/\/mallorca-pakete.de\/es\/declaracion-de-accesibilidad\/\",\"name\":\"Declaraci\u00f3n de accesibilidad | Mallorca Pakete\",\"isPartOf\":{\"@id\":\"https:\/\/mallorca-pakete.de\/es\/#website\"},\"datePublished\":\"2023-10-18T06:26:09+00:00\",\"dateModified\":\"2023-10-23T14:56:21+00:00\",\"breadcrumb\":{\"@id\":\"https:\/\/mallorca-pakete.de\/es\/declaracion-de-accesibilidad\/#breadcrumb\"},\"inLanguage\":\"es\",\"potentialAction\":[{\"@type\":\"ReadAction\",\"target\":[\"https:\/\/mallorca-pakete.de\/es\/declaracion-de-accesibilidad\/\"]}]},{\"@type\":\"BreadcrumbList\",\"@id\":\"https:\/\/mallorca-pakete.de\/es\/declaracion-de-accesibilidad\/#breadcrumb\",\"itemListElement\":[{\"@type\":\"ListItem\",\"position\":1,\"name\":\"Startseite\",\"item\":\"https:\/\/mallorca-pakete.de\/es\/inicio\/\"},{\"@type\":\"ListItem\",\"position\":2,\"name\":\"Declaraci\u00f3n de accesibilidad\"}]},{\"@type\":\"WebSite\",\"@id\":\"https:\/\/mallorca-pakete.de\/es\/#website\",\"url\":\"https:\/\/mallorca-pakete.de\/es\/\",\"name\":\"Mallorca Pakete\",\"description\":\"Ihr zuverl\u00e4ssiger, g\u00fcnstiger und schneller Paketdienst\",\"publisher\":{\"@id\":\"https:\/\/mallorca-pakete.de\/es\/#organization\"},\"potentialAction\":[{\"@type\":\"SearchAction\",\"target\":{\"@type\":\"EntryPoint\",\"urlTemplate\":\"https:\/\/mallorca-pakete.de\/es\/?s={search_term_string}\"},\"query-input\":\"required name=search_term_string\"}],\"inLanguage\":\"es\"},{\"@type\":\"Organization\",\"@id\":\"https:\/\/mallorca-pakete.de\/es\/#organization\",\"name\":\"Mallorca Pakete\",\"url\":\"https:\/\/mallorca-pakete.de\/es\/\",\"logo\":{\"@type\":\"ImageObject\",\"inLanguage\":\"es\",\"@id\":\"https:\/\/mallorca-pakete.de\/es\/#\/schema\/logo\/image\/\",\"url\":\"https:\/\/mallorca-pakete.de\/wp-content\/uploads\/2023\/09\/logo-min-blue.svg\",\"contentUrl\":\"https:\/\/mallorca-pakete.de\/wp-content\/uploads\/2023\/09\/logo-min-blue.svg\",\"width\":235,\"height\":80,\"caption\":\"Mallorca Pakete\"},\"image\":{\"@id\":\"https:\/\/mallorca-pakete.de\/es\/#\/schema\/logo\/image\/\"},\"sameAs\":[\"https:\/\/www.facebook.com\/MallorcaPakete.de\/\",\"https:\/\/www.instagram.com\/mallorcapakete\/\"]}]}<\/script>\n<!-- \/ Yoast SEO plugin. -->","yoast_head_json":{"title":"Declaraci\u00f3n de accesibilidad | Mallorca Pakete","robots":{"index":"index","follow":"follow","max-snippet":"max-snippet:-1","max-image-preview":"max-image-preview:large","max-video-preview":"max-video-preview:-1"},"canonical":"https:\/\/mallorca-pakete.de\/es\/declaracion-de-accesibilidad\/","og_locale":"es_ES","og_type":"article","og_title":"Declaraci\u00f3n de accesibilidad | Mallorca Pakete","og_description":"El organismo Gestores Concursales Online se ha comprometido a hacer accesible https:\/\/mallorca-pakete.de\/, de conformidad con el Real Decreto 1112\/2018, de 7 de septiembre, sobre accesibilidad de los sitios web y aplicaciones para dispositivos m\u00f3viles del sector p\u00fablico. La presente declaraci\u00f3n de accesibilidad se aplica al sitio web https:\/\/mallorca-pakete.de\/ Este sitio web es plenamente conforme con...","og_url":"https:\/\/mallorca-pakete.de\/es\/declaracion-de-accesibilidad\/","og_site_name":"Mallorca Pakete","article_publisher":"https:\/\/www.facebook.com\/MallorcaPakete.de\/","article_modified_time":"2023-10-23T14:56:21+00:00","twitter_card":"summary_large_image","twitter_misc":{"Tiempo de lectura":"1 minuto"},"schema":{"@context":"https:\/\/schema.org","@graph":[{"@type":"WebPage","@id":"https:\/\/mallorca-pakete.de\/es\/declaracion-de-accesibilidad\/","url":"https:\/\/mallorca-pakete.de\/es\/declaracion-de-accesibilidad\/","name":"Declaraci\u00f3n de accesibilidad | Mallorca Pakete","isPartOf":{"@id":"https:\/\/mallorca-pakete.de\/es\/#website"},"datePublished":"2023-10-18T06:26:09+00:00","dateModified":"2023-10-23T14:56:21+00:00","breadcrumb":{"@id":"https:\/\/mallorca-pakete.de\/es\/declaracion-de-accesibilidad\/#breadcrumb"},"inLanguage":"es","potentialAction":[{"@type":"ReadAction","target":["https:\/\/mallorca-pakete.de\/es\/declaracion-de-accesibilidad\/"]}]},{"@type":"BreadcrumbList","@id":"https:\/\/mallorca-pakete.de\/es\/declaracion-de-accesibilidad\/#breadcrumb","itemListElement":[{"@type":"ListItem","position":1,"name":"Startseite","item":"https:\/\/mallorca-pakete.de\/es\/inicio\/"},{"@type":"ListItem","position":2,"name":"Declaraci\u00f3n de accesibilidad"}]},{"@type":"WebSite","@id":"https:\/\/mallorca-pakete.de\/es\/#website","url":"https:\/\/mallorca-pakete.de\/es\/","name":"Mallorca Pakete","description":"Ihr zuverl\u00e4ssiger, g\u00fcnstiger und schneller Paketdienst","publisher":{"@id":"https:\/\/mallorca-pakete.de\/es\/#organization"},"potentialAction":[{"@type":"SearchAction","target":{"@type":"EntryPoint","urlTemplate":"https:\/\/mallorca-pakete.de\/es\/?s={search_term_string}"},"query-input":"required name=search_term_string"}],"inLanguage":"es"},{"@type":"Organization","@id":"https:\/\/mallorca-pakete.de\/es\/#organization","name":"Mallorca Pakete","url":"https:\/\/mallorca-pakete.de\/es\/","logo":{"@type":"ImageObject","inLanguage":"es","@id":"https:\/\/mallorca-pakete.de\/es\/#\/schema\/logo\/image\/","url":"https:\/\/mallorca-pakete.de\/wp-content\/uploads\/2023\/09\/logo-min-blue.svg","contentUrl":"https:\/\/mallorca-pakete.de\/wp-content\/uploads\/2023\/09\/logo-min-blue.svg","width":235,"height":80,"caption":"Mallorca Pakete"},"image":{"@id":"https:\/\/mallorca-pakete.de\/es\/#\/schema\/logo\/image\/"},"sameAs":["https:\/\/www.facebook.com\/MallorcaPakete.de\/","https:\/\/www.instagram.com\/mallorcapakete\/"]}]}},"_links":{"self":[{"href":"https:\/\/mallorca-pakete.de\/es\/wp-json\/wp\/v2\/pages\/2511"}],"collection":[{"href":"https:\/\/mallorca-pakete.de\/es\/wp-json\/wp\/v2\/pages"}],"about":[{"href":"https:\/\/mallorca-pakete.de\/es\/wp-json\/wp\/v2\/types\/page"}],"author":[{"embeddable":true,"href":"https:\/\/mallorca-pakete.de\/es\/wp-json\/wp\/v2\/users\/1"}],"replies":[{"embeddable":true,"href":"https:\/\/mallorca-pakete.de\/es\/wp-json\/wp\/v2\/comments?post=2511"}],"version-history":[{"count":3,"href":"https:\/\/mallorca-pakete.de\/es\/wp-json\/wp\/v2\/pages\/2511\/revisions"}],"predecessor-version":[{"id":3251,"href":"https:\/\/mallorca-pakete.de\/es\/wp-json\/wp\/v2\/pages\/2511\/revisions\/3251"}],"wp:attachment":[{"href":"https:\/\/mallorca-pakete.de\/es\/wp-json\/wp\/v2\/media?parent=2511"}],"curies":[{"name":"wp","href":"https:\/\/api.w.org\/{rel}","templated":true}]}}